{"id":57,"date":"2021-04-27T17:26:39","date_gmt":"2021-04-27T16:26:39","guid":{"rendered":"https:\/\/angdalagard.se\/?post_type=product&#038;p=57"},"modified":"2026-03-12T18:34:18","modified_gmt":"2026-03-12T17:34:18","slug":"flytande-honung","status":"publish","type":"product","link":"https:\/\/angdalagard.se\/?product=flytande-honung","title":{"rendered":"Flytande honung 500g"},"content":{"rendered":"<p>F\u00f6rsommarhonung som stelnat men som \u00e4r varsamt uppv\u00e4rmd till flytande.<\/p>\n<p>B\u00f6r f\u00f6rvaras i rumstemperatur f\u00f6r att honungen inte ska kristalliseras igen.<\/p>\n<p>G\u00e5r att v\u00e4rma varsamt i vattenbad om den trots allt stelnar.<\/p>\n<p>Pollen och nektar \u00e4r h\u00e4mtad runt n\u00e5gon av \u00c4ngdala g\u00e5rds Big\u00e5rdar med omnejd med under juni m\u00e5nad.<\/p>\n<p>Perfekt att anv\u00e4nda till matlagning och bakning d\u00e4r flytande konsistens passar b\u00e4st. Eller att ringla \u00f6ver yoghurt eller brieost! Ljuvligt!<\/p>\n<p>Past\u00f6riserad.<\/p>\n","protected":false},"excerpt":{"rendered":"<p>F\u00f6rsommarhonung som stelnat men som \u00e4r varsamt uppv\u00e4rmd till flytande. B\u00f6r f\u00f6rvaras i rumstemperatur f\u00f6r att honungen inte ska kristalliseras igen. G\u00e5r att v\u00e4rma varsamt i vattenbad om den trots allt stelnar. Pollen och nektar \u00e4r h\u00e4mtad runt n\u00e5gon av \u00c4ngdala g\u00e5rds Big\u00e5rdar med omnejd med under juni m\u00e5nad. Perfekt att anv\u00e4nda till matlagning och&hellip; <a class=\"more-link\" href=\"https:\/\/angdalagard.se\/?product=flytande-honung\">Forts\u00e4tt l\u00e4sa <span class=\"screen-reader-text\">Flytande honung 500g<\/span><\/a><\/p>\n","protected":false},"featured_media":417,"comment_status":"open","ping_status":"closed","template":"","meta":[],"product_brand":[],"product_cat":[16],"product_tag":[],"class_list":{"0":"post-57","1":"product","2":"type-product","3":"status-publish","4":"has-post-thumbnail","6":"product_cat-skansk-honung","7":"entry","9":"first","10":"instock","11":"taxable","12":"shipping-taxable","13":"purchasable","14":"product-type-simple"},"jetpack-related-posts":[],"jetpack_sharing_enabled":true,"_links":{"self":[{"href":"https:\/\/angdalagard.se\/index.php?rest_route=\/wp\/v2\/product\/57","targetHints":{"allow":["GET"]}}],"collection":[{"href":"https:\/\/angdalagard.se\/index.php?rest_route=\/wp\/v2\/product"}],"about":[{"href":"https:\/\/angdalagard.se\/index.php?rest_route=\/wp\/v2\/types\/product"}],"replies":[{"embeddable":true,"href":"https:\/\/angdalagard.se\/index.php?rest_route=%2Fwp%2Fv2%2Fcomments&post=57"}],"wp:featuredmedia":[{"embeddable":true,"href":"https:\/\/angdalagard.se\/index.php?rest_route=\/wp\/v2\/media\/417"}],"wp:attachment":[{"href":"https:\/\/angdalagard.se\/index.php?rest_route=%2Fwp%2Fv2%2Fmedia&parent=57"}],"wp:term":[{"taxonomy":"product_brand","embeddable":true,"href":"https:\/\/angdalagard.se\/index.php?rest_route=%2Fwp%2Fv2%2Fproduct_brand&post=57"},{"taxonomy":"product_cat","embeddable":true,"href":"https:\/\/angdalagard.se\/index.php?rest_route=%2Fwp%2Fv2%2Fproduct_cat&post=57"},{"taxonomy":"product_tag","embeddable":true,"href":"https:\/\/angdalagard.se\/index.php?rest_route=%2Fwp%2Fv2%2Fproduct_tag&post=57"}],"curies":[{"name":"wp","href":"https:\/\/api.w.org\/{rel}","templated":true}]}}