{"id":39,"date":"2021-03-11T12:33:42","date_gmt":"2021-03-11T11:33:42","guid":{"rendered":"http:\/\/angdalagard.se\/?post_type=product&#038;p=39"},"modified":"2025-11-30T08:54:36","modified_gmt":"2025-11-30T07:54:36","slug":"rapshonung-240-g","status":"publish","type":"product","link":"https:\/\/angdalagard.se\/?product=rapshonung-240-g","title":{"rendered":"Raps honung 240 g"},"content":{"rendered":"<p>Den f\u00f6rsta honungen som produceras p\u00e5 \u00e5ret!<\/p>\n<p>Klassisk sk\u00e5nsk rapshonung och en stor favorit bland m\u00e5nga.<\/p>\n<p>Honungen \u00e4r producerad vid de vid de b\u00f6ljande sk\u00e5nska rapsf\u00e4lten.<\/p>\n<p>En enkel honung med den klassiska druvsockersmaken som rapshonung har. Fast till h\u00e5rd i sin konsistens . Drag fr\u00e5n raps.<\/p>\n<p>F\u00f6rvaras m\u00f6rkt och svalt f\u00f6r garanterad fast konsistens.<\/p>\n<p>Honungen \u00e4r opast\u00f6riserad.<\/p>\n","protected":false},"excerpt":{"rendered":"<p>Den f\u00f6rsta honungen som produceras p\u00e5 \u00e5ret! Klassisk sk\u00e5nsk rapshonung och en stor favorit bland m\u00e5nga. Honungen \u00e4r producerad vid de vid de b\u00f6ljande sk\u00e5nska rapsf\u00e4lten. En enkel honung med den klassiska druvsockersmaken som rapshonung har. Fast till h\u00e5rd i sin konsistens . Drag fr\u00e5n raps. F\u00f6rvaras m\u00f6rkt och svalt f\u00f6r garanterad fast konsistens. Honungen&hellip; <a class=\"more-link\" href=\"https:\/\/angdalagard.se\/?product=rapshonung-240-g\">Forts\u00e4tt l\u00e4sa <span class=\"screen-reader-text\">Raps honung 240 g<\/span><\/a><\/p>\n","protected":false},"featured_media":216,"comment_status":"open","ping_status":"closed","template":"","meta":[],"product_brand":[],"product_cat":[16],"product_tag":[],"class_list":{"0":"post-39","1":"product","2":"type-product","3":"status-publish","4":"has-post-thumbnail","6":"product_cat-skansk-honung","7":"entry","9":"first","10":"outofstock","11":"taxable","12":"shipping-taxable","13":"purchasable","14":"product-type-simple"},"jetpack-related-posts":[],"jetpack_sharing_enabled":true,"_links":{"self":[{"href":"https:\/\/angdalagard.se\/index.php?rest_route=\/wp\/v2\/product\/39","targetHints":{"allow":["GET"]}}],"collection":[{"href":"https:\/\/angdalagard.se\/index.php?rest_route=\/wp\/v2\/product"}],"about":[{"href":"https:\/\/angdalagard.se\/index.php?rest_route=\/wp\/v2\/types\/product"}],"replies":[{"embeddable":true,"href":"https:\/\/angdalagard.se\/index.php?rest_route=%2Fwp%2Fv2%2Fcomments&post=39"}],"wp:featuredmedia":[{"embeddable":true,"href":"https:\/\/angdalagard.se\/index.php?rest_route=\/wp\/v2\/media\/216"}],"wp:attachment":[{"href":"https:\/\/angdalagard.se\/index.php?rest_route=%2Fwp%2Fv2%2Fmedia&parent=39"}],"wp:term":[{"taxonomy":"product_brand","embeddable":true,"href":"https:\/\/angdalagard.se\/index.php?rest_route=%2Fwp%2Fv2%2Fproduct_brand&post=39"},{"taxonomy":"product_cat","embeddable":true,"href":"https:\/\/angdalagard.se\/index.php?rest_route=%2Fwp%2Fv2%2Fproduct_cat&post=39"},{"taxonomy":"product_tag","embeddable":true,"href":"https:\/\/angdalagard.se\/index.php?rest_route=%2Fwp%2Fv2%2Fproduct_tag&post=39"}],"curies":[{"name":"wp","href":"https:\/\/api.w.org\/{rel}","templated":true}]}}