{"id":1095,"date":"2024-10-29T08:12:10","date_gmt":"2024-10-29T07:12:10","guid":{"rendered":"https:\/\/angdalagard.se\/?product=honung-slungad-i-oktober-2024"},"modified":"2026-02-05T12:47:05","modified_gmt":"2026-02-05T11:47:05","slug":"honung-slungad-i-oktober-2024","status":"publish","type":"product","link":"https:\/\/angdalagard.se\/?product=honung-slungad-i-oktober-2024","title":{"rendered":"Vinterslungad\/r\u00e5 honung slungad i januari 2026, 500 g."},"content":{"rendered":"<p>H\u00f6gsommar- och sensommarhonung fr\u00e5n \u00c4ngdala g\u00e5rds big\u00e5rdar.<\/p>\n<p>Aromatisk och smakrik.<\/p>\n","protected":false},"excerpt":{"rendered":"<p>H\u00f6gsommar- och sensommarhonung fr\u00e5n \u00c4ngdala g\u00e5rds big\u00e5rdar. Aromatisk och smakrik.<\/p>\n","protected":false},"featured_media":222,"comment_status":"open","ping_status":"closed","template":"","meta":[],"product_brand":[],"product_cat":[15],"product_tag":[],"class_list":{"0":"post-1095","1":"product","2":"type-product","3":"status-publish","4":"has-post-thumbnail","6":"product_cat-uncategorized","7":"entry","9":"first","10":"instock","11":"taxable","12":"shipping-taxable","13":"purchasable","14":"product-type-simple"},"jetpack-related-posts":[],"jetpack_sharing_enabled":true,"_links":{"self":[{"href":"https:\/\/angdalagard.se\/index.php?rest_route=\/wp\/v2\/product\/1095","targetHints":{"allow":["GET"]}}],"collection":[{"href":"https:\/\/angdalagard.se\/index.php?rest_route=\/wp\/v2\/product"}],"about":[{"href":"https:\/\/angdalagard.se\/index.php?rest_route=\/wp\/v2\/types\/product"}],"replies":[{"embeddable":true,"href":"https:\/\/angdalagard.se\/index.php?rest_route=%2Fwp%2Fv2%2Fcomments&post=1095"}],"wp:featuredmedia":[{"embeddable":true,"href":"https:\/\/angdalagard.se\/index.php?rest_route=\/wp\/v2\/media\/222"}],"wp:attachment":[{"href":"https:\/\/angdalagard.se\/index.php?rest_route=%2Fwp%2Fv2%2Fmedia&parent=1095"}],"wp:term":[{"taxonomy":"product_brand","embeddable":true,"href":"https:\/\/angdalagard.se\/index.php?rest_route=%2Fwp%2Fv2%2Fproduct_brand&post=1095"},{"taxonomy":"product_cat","embeddable":true,"href":"https:\/\/angdalagard.se\/index.php?rest_route=%2Fwp%2Fv2%2Fproduct_cat&post=1095"},{"taxonomy":"product_tag","embeddable":true,"href":"https:\/\/angdalagard.se\/index.php?rest_route=%2Fwp%2Fv2%2Fproduct_tag&post=1095"}],"curies":[{"name":"wp","href":"https:\/\/api.w.org\/{rel}","templated":true}]}}