{"id":1045,"date":"2023-12-09T16:48:38","date_gmt":"2023-12-09T15:48:38","guid":{"rendered":"https:\/\/angdalagard.se\/?post_type=product&#038;p=1045"},"modified":"2026-03-12T18:33:05","modified_gmt":"2026-03-12T17:33:05","slug":"halstabletter-med-honung-och-propolis","status":"publish","type":"product","link":"https:\/\/angdalagard.se\/?product=halstabletter-med-honung-och-propolis","title":{"rendered":"Halstabletter med honung och propolis"},"content":{"rendered":"<p>Halstabletter med honung och propolis.<\/p>\n<p>Halstabletter som verkligen hj\u00e4lper. D\u00e4mpar \u00e4ven hosta. Smak av eucalyptus.<\/p>\n<p>Propolis \u00e4r binas egen medicin och \u00e4r b\u00e5de antivirulent och antibakteriellt.<\/p>\n<p>Tillverkad av honung och 20 olika \u00f6rter.<\/p>\n<p>Ingredienser: socker, glukossirap, honung, propolis, \u00f6rtextrakt och mentol.<\/p>\n","protected":false},"excerpt":{"rendered":"<p>Halstabletter med honung och propolis. Halstabletter som verkligen hj\u00e4lper. D\u00e4mpar \u00e4ven hosta. Smak av eucalyptus. Propolis \u00e4r binas egen medicin och \u00e4r b\u00e5de antivirulent och antibakteriellt. Tillverkad av honung och 20 olika \u00f6rter. Ingredienser: socker, glukossirap, honung, propolis, \u00f6rtextrakt och mentol.<\/p>\n","protected":false},"featured_media":1044,"comment_status":"open","ping_status":"closed","template":"","meta":[],"product_brand":[],"product_cat":[15],"product_tag":[],"class_list":{"0":"post-1045","1":"product","2":"type-product","3":"status-publish","4":"has-post-thumbnail","6":"product_cat-uncategorized","7":"entry","9":"first","10":"outofstock","11":"taxable","12":"shipping-taxable","13":"purchasable","14":"product-type-simple"},"jetpack-related-posts":[],"jetpack_sharing_enabled":true,"_links":{"self":[{"href":"https:\/\/angdalagard.se\/index.php?rest_route=\/wp\/v2\/product\/1045","targetHints":{"allow":["GET"]}}],"collection":[{"href":"https:\/\/angdalagard.se\/index.php?rest_route=\/wp\/v2\/product"}],"about":[{"href":"https:\/\/angdalagard.se\/index.php?rest_route=\/wp\/v2\/types\/product"}],"replies":[{"embeddable":true,"href":"https:\/\/angdalagard.se\/index.php?rest_route=%2Fwp%2Fv2%2Fcomments&post=1045"}],"wp:featuredmedia":[{"embeddable":true,"href":"https:\/\/angdalagard.se\/index.php?rest_route=\/wp\/v2\/media\/1044"}],"wp:attachment":[{"href":"https:\/\/angdalagard.se\/index.php?rest_route=%2Fwp%2Fv2%2Fmedia&parent=1045"}],"wp:term":[{"taxonomy":"product_brand","embeddable":true,"href":"https:\/\/angdalagard.se\/index.php?rest_route=%2Fwp%2Fv2%2Fproduct_brand&post=1045"},{"taxonomy":"product_cat","embeddable":true,"href":"https:\/\/angdalagard.se\/index.php?rest_route=%2Fwp%2Fv2%2Fproduct_cat&post=1045"},{"taxonomy":"product_tag","embeddable":true,"href":"https:\/\/angdalagard.se\/index.php?rest_route=%2Fwp%2Fv2%2Fproduct_tag&post=1045"}],"curies":[{"name":"wp","href":"https:\/\/api.w.org\/{rel}","templated":true}]}}