{"id":77,"date":"2021-04-27T13:51:38","date_gmt":"2021-04-27T12:51:38","guid":{"rendered":"https:\/\/angdalagard.se\/startsida\/"},"modified":"2025-05-26T13:15:34","modified_gmt":"2025-05-26T12:15:34","slug":"hem","status":"publish","type":"page","link":"https:\/\/angdalagard.se\/","title":{"rendered":"Honungsbutiken"},"content":{"rendered":"\n<div class=\"wp-block-cover aligncenter is-light has-custom-content-position is-position-bottom-center\"><span aria-hidden=\"true\" class=\"wp-block-cover__background has-background-dim-0 has-background-dim\"><\/span><img data-recalc-dims=\"1\" loading=\"lazy\" decoding=\"async\" width=\"750\" height=\"1333\" class=\"wp-block-cover__image-background wp-image-123\" alt=\"\" src=\"https:\/\/i0.wp.com\/media.angdalagard.se\/2021\/05\/20160709_114703-scaled.jpg?resize=750%2C1333&#038;ssl=1\" data-object-fit=\"cover\" srcset=\"https:\/\/i0.wp.com\/media.angdalagard.se\/2021\/05\/20160709_114703-scaled.jpg?w=1440&amp;ssl=1 1440w, https:\/\/i0.wp.com\/media.angdalagard.se\/2021\/05\/20160709_114703-scaled.jpg?resize=169%2C300&amp;ssl=1 169w, https:\/\/i0.wp.com\/media.angdalagard.se\/2021\/05\/20160709_114703-scaled.jpg?resize=576%2C1024&amp;ssl=1 576w, https:\/\/i0.wp.com\/media.angdalagard.se\/2021\/05\/20160709_114703-scaled.jpg?resize=768%2C1365&amp;ssl=1 768w, https:\/\/i0.wp.com\/media.angdalagard.se\/2021\/05\/20160709_114703-scaled.jpg?resize=864%2C1536&amp;ssl=1 864w, https:\/\/i0.wp.com\/media.angdalagard.se\/2021\/05\/20160709_114703-scaled.jpg?resize=1152%2C2048&amp;ssl=1 1152w, https:\/\/i0.wp.com\/media.angdalagard.se\/2021\/05\/20160709_114703-scaled.jpg?resize=1200%2C2133&amp;ssl=1 1200w, https:\/\/i0.wp.com\/media.angdalagard.se\/2021\/05\/20160709_114703-scaled.jpg?resize=1980%2C3520&amp;ssl=1 1980w, https:\/\/i0.wp.com\/media.angdalagard.se\/2021\/05\/20160709_114703-scaled.jpg?resize=600%2C1067&amp;ssl=1 600w, https:\/\/i0.wp.com\/media.angdalagard.se\/2021\/05\/20160709_114703-scaled.jpg?resize=34%2C60&amp;ssl=1 34w, https:\/\/i0.wp.com\/media.angdalagard.se\/2021\/05\/20160709_114703-scaled.jpg?resize=51%2C90&amp;ssl=1 51w\" sizes=\"auto, (max-width: 750px) 100vw, 750px\" \/><div class=\"wp-block-cover__inner-container is-layout-flow wp-block-cover-is-layout-flow\">\n<p class=\"has-text-align-center has-large-font-size has-text-color has-normal-font-size\" style=\"color:#f6f3f2\">V\u00e4lkommen till \u00c4ngdala G\u00e5rd!<\/p>\n<\/div><\/div>\n\n\n\n<h2 class=\"wp-block-heading\">Honung runt H\u00f6rnet! <\/h2>\n\n\n\n<p>S\u00e4rsl\u00f6vsv\u00e4gen 20, 212 91 Malm\u00f6. <\/p>\n\n\n\n<p>0733-649464<\/p>\n\n\n\n<p><strong><span style=\"text-decoration: underline;\">G\u00e5rdsbutikens \u00f6ppettider!<\/span><\/strong><\/p>\n\n\n\n<p><strong><em><mark style=\"background-color:#cdcd7d\" class=\"has-inline-color has-primary-color\">Torsdagar 16.30-18.30<\/mark><\/em><\/strong><\/p>\n\n\n\n<p><em><strong><mark style=\"background-color:#cdcd7d\" class=\"has-inline-color\">S\u00f6ndagar 13-15<\/mark><\/strong><\/em><\/p>\n\n\n\n<p><\/p>\n\n\n\n<p><strong><em>Priserna i webbutiken kan variera j\u00e4mf\u00f6rt med i g\u00e5rdsbutiken. Likav\u00e4l finns inte alla varor i webbutiken som finns i g\u00e5rdsbutiken!<\/em><\/strong><\/p>\n\n\n\n<p><span style=\"text-decoration: underline;\"><strong>Webbutiken erbjuder bl a:<\/strong><\/span><\/p>\n\n\n\n<p>Fler produkter finner du under sidan Webbutiken.<\/p>\n\n\n\n<p>Frakt: 75 kr, fast pris.<\/p>\n\n\n<div data-align-buttons=\"true\" data-block-name=\"woocommerce\/product-category\" data-categories=\"[16]\" data-columns=\"4\" data-content-visibility=\"{&quot;title&quot;:true,&quot;price&quot;:true,&quot;rating&quot;:true,&quot;button&quot;:true,&quot;image&quot;:true}\" data-edit-mode=\"false\" data-stock-status=\"[&quot;instock&quot;,&quot;outofstock&quot;,&quot;onbackorder&quot;]\" class=\"wc-block-grid wp-block-product-category wp-block-woocommerce-product-category wc-block-product-category has-4-columns has-multiple-rows has-aligned-buttons\"><ul class=\"wc-block-grid__products\"><li class=\"wc-block-grid__product\">\n\t\t\t\t<a href=\"https:\/\/angdalagard.se\/?product=flytande-honung-240g\" class=\"wc-block-grid__product-link\">\n\t\t\t\t\t\n\t\t\t\t\t<div class=\"wc-block-grid__product-image\"><img loading=\"lazy\" decoding=\"async\" width=\"450\" height=\"338\" src=\"https:\/\/i0.wp.com\/media.angdalagard.se\/2021\/11\/img_4531.jpeg?resize=450%2C338&amp;ssl=1\" class=\"attachment-woocommerce_thumbnail size-woocommerce_thumbnail\" alt=\"Flytande honung 240g\" style=\"width:100%;height:100%;max-width:558px;\" \/><\/div>\n\t\t\t\t\t<div class=\"wc-block-grid__product-title\">Flytande honung 240g<\/div>\n\t\t\t\t<\/a>\n\t\t\t\t<div class=\"wc-block-grid__product-price price\"><span class=\"woocommerce-Price-amount amount\">78<span class=\"woocommerce-Price-currencySymbol\">&#107;&#114;<\/span><\/span> <small class=\"woocommerce-price-suffix\">Inklusive moms.<\/small><\/div>\n\t\t\t\t\n\t\t\t\t<div class=\"wp-block-button wc-block-grid__product-add-to-cart\"><a href=\"\/index.php?rest_route=%2Fwp%2Fv2%2Fpages%2F77&#038;add-to-cart=252\" aria-label=\"L\u00e4gg till i varukorgen: \u201dFlytande honung 240g\u201d\" data-quantity=\"1\" data-product_id=\"252\" data-product_sku=\"\" data-price=\"78\" rel=\"nofollow\" class=\"wp-block-button__link  add_to_cart_button ajax_add_to_cart\">L\u00e4gg till i varukorg<\/a><\/div>\n\t\t\t<\/li><li class=\"wc-block-grid__product\">\n\t\t\t\t<a href=\"https:\/\/angdalagard.se\/?product=forsommarhonung-500g\" class=\"wc-block-grid__product-link\">\n\t\t\t\t\t\n\t\t\t\t\t<div class=\"wc-block-grid__product-image\"><img loading=\"lazy\" decoding=\"async\" width=\"450\" height=\"338\" src=\"https:\/\/i0.wp.com\/media.angdalagard.se\/2021\/10\/img_4357.jpeg?resize=450%2C338&amp;ssl=1\" class=\"attachment-woocommerce_thumbnail size-woocommerce_thumbnail\" alt=\"F\u00f6rsommar honung 500g\" style=\"width:100%;height:100%;max-width:801px;\" \/><\/div>\n\t\t\t\t\t<div class=\"wc-block-grid__product-title\">F\u00f6rsommar honung 500g<\/div>\n\t\t\t\t<\/a>\n\t\t\t\t<div class=\"wc-block-grid__product-price price\"><span class=\"woocommerce-Price-amount amount\">125<span class=\"woocommerce-Price-currencySymbol\">&#107;&#114;<\/span><\/span> <small class=\"woocommerce-price-suffix\">Inklusive moms.<\/small><\/div>\n\t\t\t\t\n\t\t\t\t<div class=\"wp-block-button wc-block-grid__product-add-to-cart\"><a href=\"\/index.php?rest_route=%2Fwp%2Fv2%2Fpages%2F77&#038;add-to-cart=221\" aria-label=\"L\u00e4gg till i varukorgen: \u201dF\u00f6rsommar honung 500g\u201d\" data-quantity=\"1\" data-product_id=\"221\" data-product_sku=\"\" data-price=\"125\" rel=\"nofollow\" class=\"wp-block-button__link  add_to_cart_button ajax_add_to_cart\">L\u00e4gg till i varukorg<\/a><\/div>\n\t\t\t<\/li><li class=\"wc-block-grid__product\">\n\t\t\t\t<a href=\"https:\/\/angdalagard.se\/?product=forsommarhonung-240g\" class=\"wc-block-grid__product-link\">\n\t\t\t\t\t\n\t\t\t\t\t<div class=\"wc-block-grid__product-image\"><img loading=\"lazy\" decoding=\"async\" width=\"450\" height=\"338\" src=\"https:\/\/i0.wp.com\/media.angdalagard.se\/2021\/10\/img_4361.jpeg?resize=450%2C338&amp;ssl=1\" class=\"attachment-woocommerce_thumbnail size-woocommerce_thumbnail\" alt=\"F\u00f6rsommar honung 240g\" style=\"width:100%;height:133.38%;max-width:788px;\" \/><\/div>\n\t\t\t\t\t<div class=\"wc-block-grid__product-title\">F\u00f6rsommar honung 240g<\/div>\n\t\t\t\t<\/a>\n\t\t\t\t<div class=\"wc-block-grid__product-price price\"><span class=\"woocommerce-Price-amount amount\">78<span class=\"woocommerce-Price-currencySymbol\">&#107;&#114;<\/span><\/span> <small class=\"woocommerce-price-suffix\">Inklusive moms.<\/small><\/div>\n\t\t\t\t\n\t\t\t\t<div class=\"wp-block-button wc-block-grid__product-add-to-cart\"><a href=\"\/index.php?rest_route=%2Fwp%2Fv2%2Fpages%2F77&#038;add-to-cart=219\" aria-label=\"L\u00e4gg till i varukorgen: \u201dF\u00f6rsommar honung 240g\u201d\" data-quantity=\"1\" data-product_id=\"219\" data-product_sku=\"\" data-price=\"78\" rel=\"nofollow\" class=\"wp-block-button__link  add_to_cart_button ajax_add_to_cart\">L\u00e4gg till i varukorg<\/a><\/div>\n\t\t\t<\/li><li class=\"wc-block-grid__product\">\n\t\t\t\t<a href=\"https:\/\/angdalagard.se\/?product=flytande-honung\" class=\"wc-block-grid__product-link\">\n\t\t\t\t\t\n\t\t\t\t\t<div class=\"wc-block-grid__product-image\"><img loading=\"lazy\" decoding=\"async\" width=\"450\" height=\"338\" src=\"https:\/\/i0.wp.com\/media.angdalagard.se\/2022\/03\/img_5808.jpeg?resize=450%2C338&amp;ssl=1\" class=\"attachment-woocommerce_thumbnail size-woocommerce_thumbnail\" alt=\"Flytande honung 500g\" srcset=\"https:\/\/i0.wp.com\/media.angdalagard.se\/2022\/03\/img_5808.jpeg?resize=450%2C338&amp;ssl=1 450w, https:\/\/i0.wp.com\/media.angdalagard.se\/2022\/03\/img_5808.jpeg?zoom=2&amp;resize=450%2C338 900w\" sizes=\"auto, (max-width: 450px) 100vw, 450px\" style=\"width:100%;height:100%;max-width:1197px;\" \/><\/div>\n\t\t\t\t\t<div class=\"wc-block-grid__product-title\">Flytande honung 500g<\/div>\n\t\t\t\t<\/a>\n\t\t\t\t<div class=\"wc-block-grid__product-price price\"><span class=\"woocommerce-Price-amount amount\">125<span class=\"woocommerce-Price-currencySymbol\">&#107;&#114;<\/span><\/span> <small class=\"woocommerce-price-suffix\">Inklusive moms.<\/small><\/div>\n\t\t\t\t\n\t\t\t\t<div class=\"wp-block-button wc-block-grid__product-add-to-cart\"><a href=\"\/index.php?rest_route=%2Fwp%2Fv2%2Fpages%2F77&#038;add-to-cart=57\" aria-label=\"L\u00e4gg till i varukorgen: \u201dFlytande honung 500g\u201d\" data-quantity=\"1\" data-product_id=\"57\" data-product_sku=\"\" data-price=\"125\" rel=\"nofollow\" class=\"wp-block-button__link  add_to_cart_button ajax_add_to_cart\">L\u00e4gg till i varukorg<\/a><\/div>\n\t\t\t<\/li><\/ul><\/div>\n\n\n<h2 class=\"wp-block-heading has-text-align-center\">B\u00e4sts\u00e4ljare<\/h2>\n\n\n\n<figure class=\"wp-block-image size-full is-style-default\"><img data-recalc-dims=\"1\" loading=\"lazy\" decoding=\"async\" width=\"750\" height=\"750\" src=\"https:\/\/i0.wp.com\/media.angdalagard.se\/2021\/10\/img_4359.jpeg?resize=750%2C750&#038;ssl=1\" alt=\"\" class=\"wp-image-212\" srcset=\"https:\/\/i0.wp.com\/media.angdalagard.se\/2021\/10\/img_4359.jpeg?w=1008&amp;ssl=1 1008w, https:\/\/i0.wp.com\/media.angdalagard.se\/2021\/10\/img_4359.jpeg?resize=300%2C300&amp;ssl=1 300w, https:\/\/i0.wp.com\/media.angdalagard.se\/2021\/10\/img_4359.jpeg?resize=150%2C150&amp;ssl=1 150w, https:\/\/i0.wp.com\/media.angdalagard.se\/2021\/10\/img_4359.jpeg?resize=768%2C768&amp;ssl=1 768w, https:\/\/i0.wp.com\/media.angdalagard.se\/2021\/10\/img_4359.jpeg?resize=600%2C600&amp;ssl=1 600w, https:\/\/i0.wp.com\/media.angdalagard.se\/2021\/10\/img_4359.jpeg?resize=100%2C100&amp;ssl=1 100w\" sizes=\"auto, (max-width: 750px) 100vw, 750px\" \/><figcaption class=\"wp-element-caption\"><a href=\"https:\/\/angdalagard.se\/?product=rapshonung\" data-type=\"URL\" data-id=\"https:\/\/angdalagard.se\/?product=rapshonung\">Rapshonung 500 g<\/a><\/figcaption><\/figure>\n\n\n\n<p><\/p>\n\n\n\n<figure class=\"wp-block-gallery has-nested-images columns-default is-cropped wp-block-gallery-1 is-layout-flex wp-block-gallery-is-layout-flex\"><\/figure>\n","protected":false},"excerpt":{"rendered":"<p>Honung runt H\u00f6rnet! S\u00e4rsl\u00f6vsv\u00e4gen 20, 212 91 Malm\u00f6. 0733-649464 G\u00e5rdsbutikens \u00f6ppettider! Torsdagar 16.30-18.30 S\u00f6ndagar 13-15 Priserna i webbutiken kan variera j\u00e4mf\u00f6rt med i g\u00e5rdsbutiken. Likav\u00e4l finns inte alla varor i webbutiken som finns i g\u00e5rdsbutiken! Webbutiken erbjuder bl a: Fler produkter finner du under sidan Webbutiken. Frakt: 75 kr, fast pris. B\u00e4sts\u00e4ljare<\/p>\n","protected":false},"author":1,"featured_media":0,"parent":0,"menu_order":0,"comment_status":"closed","ping_status":"closed","template":"","meta":{"footnotes":""},"class_list":["post-77","page","type-page","status-publish","hentry","entry"],"jetpack-related-posts":[],"jetpack_sharing_enabled":true,"_links":{"self":[{"href":"https:\/\/angdalagard.se\/index.php?rest_route=\/wp\/v2\/pages\/77","targetHints":{"allow":["GET"]}}],"collection":[{"href":"https:\/\/angdalagard.se\/index.php?rest_route=\/wp\/v2\/pages"}],"about":[{"href":"https:\/\/angdalagard.se\/index.php?rest_route=\/wp\/v2\/types\/page"}],"author":[{"embeddable":true,"href":"https:\/\/angdalagard.se\/index.php?rest_route=\/wp\/v2\/users\/1"}],"replies":[{"embeddable":true,"href":"https:\/\/angdalagard.se\/index.php?rest_route=%2Fwp%2Fv2%2Fcomments&post=77"}],"version-history":[{"count":53,"href":"https:\/\/angdalagard.se\/index.php?rest_route=\/wp\/v2\/pages\/77\/revisions"}],"predecessor-version":[{"id":1137,"href":"https:\/\/angdalagard.se\/index.php?rest_route=\/wp\/v2\/pages\/77\/revisions\/1137"}],"wp:attachment":[{"href":"https:\/\/angdalagard.se\/index.php?rest_route=%2Fwp%2Fv2%2Fmedia&parent=77"}],"curies":[{"name":"wp","href":"https:\/\/api.w.org\/{rel}","templated":true}]}}