{"id":6,"date":"2021-03-04T17:06:20","date_gmt":"2021-03-04T17:06:20","guid":{"rendered":"http:\/\/angdalagard.se\/cart\/"},"modified":"2021-03-16T12:35:07","modified_gmt":"2021-03-16T11:35:07","slug":"varukorg","status":"publish","type":"page","link":"https:\/\/angdalagard.se\/?page_id=6","title":{"rendered":"Varukorg"},"content":{"rendered":"<div class=\"woocommerce\"><div class=\"woocommerce-notices-wrapper\"><\/div><div class=\"wc-empty-cart-message\">\n\t<div class=\"cart-empty woocommerce-info\" role=\"status\">\n\t\tDin varukorg \u00e4r f\u00f6r n\u00e4rvarande tom.\t<\/div>\n<\/div>\t<p class=\"return-to-shop\">\n\t\t<a class=\"button wc-backward\" href=\"https:\/\/angdalagard.se\/?page_id=5\">\n\t\t\tG\u00e5 tillbaka till butiken\t\t<\/a>\n\t<\/p>\n<\/div>\n","protected":false},"excerpt":{"rendered":"","protected":false},"author":1,"featured_media":0,"parent":0,"menu_order":0,"comment_status":"closed","ping_status":"closed","template":"","meta":{"footnotes":""},"class_list":["post-6","page","type-page","status-publish","hentry","entry"],"jetpack-related-posts":[],"jetpack_sharing_enabled":true,"_links":{"self":[{"href":"https:\/\/angdalagard.se\/index.php?rest_route=\/wp\/v2\/pages\/6","targetHints":{"allow":["GET"]}}],"collection":[{"href":"https:\/\/angdalagard.se\/index.php?rest_route=\/wp\/v2\/pages"}],"about":[{"href":"https:\/\/angdalagard.se\/index.php?rest_route=\/wp\/v2\/types\/page"}],"author":[{"embeddable":true,"href":"https:\/\/angdalagard.se\/index.php?rest_route=\/wp\/v2\/users\/1"}],"replies":[{"embeddable":true,"href":"https:\/\/angdalagard.se\/index.php?rest_route=%2Fwp%2Fv2%2Fcomments&post=6"}],"version-history":[{"count":2,"href":"https:\/\/angdalagard.se\/index.php?rest_route=\/wp\/v2\/pages\/6\/revisions"}],"predecessor-version":[{"id":51,"href":"https:\/\/angdalagard.se\/index.php?rest_route=\/wp\/v2\/pages\/6\/revisions\/51"}],"wp:attachment":[{"href":"https:\/\/angdalagard.se\/index.php?rest_route=%2Fwp%2Fv2%2Fmedia&parent=6"}],"curies":[{"name":"wp","href":"https:\/\/api.w.org\/{rel}","templated":true}]}}