{"id":382,"date":"2022-05-31T13:31:17","date_gmt":"2022-05-31T12:31:17","guid":{"rendered":"https:\/\/angdalagard.se\/?page_id=382"},"modified":"2022-06-01T11:25:40","modified_gmt":"2022-06-01T10:25:40","slug":"om-bin","status":"publish","type":"page","link":"https:\/\/angdalagard.se\/?page_id=382","title":{"rendered":"Om bin"},"content":{"rendered":"\n<p>V\u00e5rt f\u00f6retag finns i utkanten av Malm\u00f6 och vi har big\u00e5rdar som ligger i Malm\u00f6, Svedala och Trelleborg. <\/p>\n\n\n\n<p>All biodling sker med birasen Apis Mellifera.<\/p>\n\n\n\n<figure class=\"wp-block-image size-large is-style-default\"><img data-recalc-dims=\"1\" loading=\"lazy\" decoding=\"async\" width=\"750\" height=\"467\" src=\"https:\/\/i0.wp.com\/media.angdalagard.se\/2021\/03\/20200502_110526.jpg?resize=750%2C467\" alt=\"\" class=\"wp-image-19\" srcset=\"https:\/\/i0.wp.com\/media.angdalagard.se\/2021\/03\/20200502_110526-scaled.jpg?resize=1024%2C638&amp;ssl=1 1024w, https:\/\/i0.wp.com\/media.angdalagard.se\/2021\/03\/20200502_110526-scaled.jpg?resize=300%2C187&amp;ssl=1 300w, https:\/\/i0.wp.com\/media.angdalagard.se\/2021\/03\/20200502_110526-scaled.jpg?resize=768%2C479&amp;ssl=1 768w, https:\/\/i0.wp.com\/media.angdalagard.se\/2021\/03\/20200502_110526-scaled.jpg?resize=1536%2C957&amp;ssl=1 1536w, https:\/\/i0.wp.com\/media.angdalagard.se\/2021\/03\/20200502_110526-scaled.jpg?resize=2048%2C1276&amp;ssl=1 2048w, https:\/\/i0.wp.com\/media.angdalagard.se\/2021\/03\/20200502_110526-scaled.jpg?resize=1200%2C748&amp;ssl=1 1200w, https:\/\/i0.wp.com\/media.angdalagard.se\/2021\/03\/20200502_110526-scaled.jpg?resize=1980%2C1234&amp;ssl=1 1980w, https:\/\/i0.wp.com\/media.angdalagard.se\/2021\/03\/20200502_110526-scaled.jpg?resize=600%2C374&amp;ssl=1 600w, https:\/\/i0.wp.com\/media.angdalagard.se\/2021\/03\/20200502_110526-scaled.jpg?w=2250 2250w\" sizes=\"auto, (max-width: 750px) 100vw, 750px\" \/><\/figure>\n\n\n\n<p>\u00c4ngdala g\u00e5rd anv\u00e4nder raskombinationen Buckfast. Denna &#8221;ras&#8221; skapades av Broder Adam vid klostret Buckfast Abbey i sydv\u00e4stra England. Det engelska hedbiet hade d\u00f6tt ut och munken Adam korsade d\u00e5 olika bisorter , bla det liguriska biet och de m\u00f6rka engelska biet f\u00f6r att f\u00e5 fram Buckfast. Det \u00e4r den mest vanliga raskombinationen i Sverige.<\/p>\n\n\n\n<p>Som biodlare m\u00e5ste du sprida dina risker och m\u00f6jligheter. Om ett omr\u00e5de inte fungerar ett \u00e5r vad g\u00e4ller tillg\u00e5ng p\u00e5 mat, nektar\/pollen, s\u00e5 kanske ett annat omr\u00e5de \u00e4nd\u00e5 kan ge en hyfsad bra Honungssk\u00f6rd.<\/p>\n\n\n\n<p>Man brukar s\u00e4ga att ett bisamh\u00e4lle i genomsnitt ger ca 30 kg honung per s\u00e4song. Ett samh\u00e4lle kan ge betydligt mer honung om f\u00f6ruts\u00e4ttningarna \u00e4r bra, dvs att tillg\u00e5ngen p\u00e5 nektar och pollen \u00e4r god under hela s\u00e4songen! Men oftast fungerar det inte alltid s\u00e5. <\/p>\n\n\n\n<p>Ibland blir bisamh\u00e4llen sjuka, \u00e4ven om biodlaren medicinerar f\u00f6r att detta inte ska ske. Om ett samh\u00e4lle \u00e4r sjukt samlar inte bina nektar och pollen. De fungerar ungef\u00e4r som vilken levande varelse som helst. M\u00e5r man inte bra s\u00e5 orkar man inte ge sig ut och samla mat!<\/p>\n\n\n\n<p>Vissa bisamh\u00e4llen d\u00f6r under vintern. Man brukar s\u00e4ga att ca 10 % d\u00f6r under vintern. Orsakerna \u00e4r oftast sjukdomar, som sprida av Varroa kvalstret.<\/p>\n\n\n\n<p>Vissa bisamh\u00e4llen sv\u00e4rmar och d\u00e5 tar bina med sig en hel del honung innan de f\u00f6rsvinner iv\u00e4g. Eftersom det \u00e4r flygbina som l\u00e4mnar kupan med den gamla drottningen s\u00e5 avstannar honunginsamlingen. Kvar i kupan blir ungbina och en ungdrottning som f\u00f6rst ska bli parad innan hon b\u00f6rjar l\u00e4gga \u00e4gg. I och med det blir det ett avbr\u00e4ck p\u00e5 minst 3 veckor innan samh\u00e4llet \u00e5ter b\u00f6rjar samla honung igen.<\/p>\n\n\n\n<p>Som biodlare beh\u00f6ver du d\u00e4rf\u00f6r ha n\u00e5gon form av avelsprogram.<\/p>\n\n\n\n<p>Ett avelsprogram kan innefatta:<\/p>\n\n\n\n<div class=\"wp-block-group\"><div class=\"wp-block-group__inner-container is-layout-flow wp-block-group-is-layout-flow\">\n<ul class=\"wp-block-list\"><li>Honungssk\u00f6rd (man vill ha s\u00e5 mycket honung som m\u00f6jligt)<\/li><li>Rensningsf\u00f6rm\u00e5ga ( f\u00f6rm\u00e5ga att rensa ut sjukdomar fr\u00e5n bikupan)<\/li><li>Temperatment (man vill ha s\u00e5 sn\u00e4lla bin som m\u00f6jligt)<\/li><li>Sv\u00e4rmtr\u00f6ghet (man vill att ens bin stannar i sin kupa och inte ger sig iv\u00e4g)<\/li><\/ul>\n<\/div><\/div>\n\n\n\n<p>Det b\u00e4sta \u00e4r att bygga ett avelsprogram kring de <\/p>\n","protected":false},"excerpt":{"rendered":"<p>V\u00e5rt f\u00f6retag finns i utkanten av Malm\u00f6 och vi har big\u00e5rdar som ligger i Malm\u00f6, Svedala och Trelleborg. All biodling sker med birasen Apis Mellifera. \u00c4ngdala g\u00e5rd anv\u00e4nder raskombinationen Buckfast. Denna &#8221;ras&#8221; skapades av Broder Adam vid klostret Buckfast Abbey i sydv\u00e4stra England. Det engelska hedbiet hade d\u00f6tt ut och munken Adam korsade d\u00e5 olika&hellip; <a class=\"more-link\" href=\"https:\/\/angdalagard.se\/?page_id=382\">Forts\u00e4tt l\u00e4sa <span class=\"screen-reader-text\">Om bin<\/span><\/a><\/p>\n","protected":false},"author":1,"featured_media":0,"parent":0,"menu_order":0,"comment_status":"closed","ping_status":"closed","template":"","meta":{"footnotes":""},"class_list":["post-382","page","type-page","status-publish","hentry","entry"],"jetpack-related-posts":[],"jetpack_sharing_enabled":true,"_links":{"self":[{"href":"https:\/\/angdalagard.se\/index.php?rest_route=\/wp\/v2\/pages\/382","targetHints":{"allow":["GET"]}}],"collection":[{"href":"https:\/\/angdalagard.se\/index.php?rest_route=\/wp\/v2\/pages"}],"about":[{"href":"https:\/\/angdalagard.se\/index.php?rest_route=\/wp\/v2\/types\/page"}],"author":[{"embeddable":true,"href":"https:\/\/angdalagard.se\/index.php?rest_route=\/wp\/v2\/users\/1"}],"replies":[{"embeddable":true,"href":"https:\/\/angdalagard.se\/index.php?rest_route=%2Fwp%2Fv2%2Fcomments&post=382"}],"version-history":[{"count":5,"href":"https:\/\/angdalagard.se\/index.php?rest_route=\/wp\/v2\/pages\/382\/revisions"}],"predecessor-version":[{"id":571,"href":"https:\/\/angdalagard.se\/index.php?rest_route=\/wp\/v2\/pages\/382\/revisions\/571"}],"wp:attachment":[{"href":"https:\/\/angdalagard.se\/index.php?rest_route=%2Fwp%2Fv2%2Fmedia&parent=382"}],"curies":[{"name":"wp","href":"https:\/\/api.w.org\/{rel}","templated":true}]}}