{"id":3,"date":"2021-03-04T18:06:09","date_gmt":"2021-03-04T17:06:09","guid":{"rendered":"http:\/\/angdalagard.se\/?page_id=3"},"modified":"2023-03-31T15:27:23","modified_gmt":"2023-03-31T14:27:23","slug":"privacy-policy","status":"publish","type":"page","link":"https:\/\/angdalagard.se\/?page_id=3","title":{"rendered":"Integritetspolicy och villkor."},"content":{"rendered":"\n<h2 class=\"wp-block-heading\">\u00c4ngdala g\u00e5rd \u00e4r ett litet f\u00f6retag med s\u00e4te precis i utkanten av Malm\u00f6, n\u00e4rmare best\u00e4mt i S\u00f6dra Sallerup.<\/h2>\n\n\n\n<p>F\u00f6retagets namn \u00e4r <em>\u00c4ngdala G\u00e5rd<\/em>. F\u00f6retaget har organisationsnummer 690524-4049. <em>\u00c4ngdala G\u00e5rd<\/em> har adressen S\u00e4rsl\u00f6vsv\u00e4gen 20, 212 91 Malm\u00f6. Mailadress \u00e4r <a href=\"mailto:info@angdalagard.se\">info@angdalagard.se<\/a>. Telefonnummer <a href=\"http:\/\/0733649464\" data-type=\"URL\" data-id=\"0733649464\">0733-649464.<\/a><\/p>\n\n\n\n<p>\u00c4ngdala g\u00e5rd v\u00e4rnar om kundens personliga intergritet och samlar endast in n\u00f6dv\u00e4ndiga uppgifter f\u00f6r att kunna behandla din best\u00e4llning. Vi s\u00e4ljer inte uppgifter om dig som kund. <\/p>\n\n\n\n<p>F\u00f6r att kunna skicka din order m\u00e5ste vi dela din information med fraktbolaget i fr\u00e5ga samt till f\u00f6retaget som vi anv\u00e4nder som mellanhand i samband med frakt och betalningsleverant\u00f6rer. <\/p>\n\n\n\n<p>Genom att du l\u00e4gger en order hos \u00c4ngdala g\u00e5rd godk\u00e4nner du v\u00e5r datapolicy samt v\u00e5rt s\u00e4tt att behandla dina personuppgifter.<\/p>\n\n\n\n<p>Vi lagrar dina uppgifter, som du sj\u00e4lv f\u00f6rmedlar i samband med k\u00f6p, f\u00f6r att kunna fullf\u00f6lja din order.  Personuppgifter som lagras \u00e4r F\u00f6r- och efternamn, adress, telefonnummer samt e-postadress.  Du godk\u00e4nner sj\u00e4lv om du vill ha riktad marknadsf\u00f6ring eller kundutskick i samband med din best\u00e4llning. Vi sparar ocks\u00e5 data f\u00f6r framtida k\u00f6phistorik.<\/p>\n\n\n\n<h2 class=\"wp-block-heading\">K\u00f6pvillkor<\/h2>\n\n\n\n<p>Vid best\u00e4llning i \u00c4ngdala g\u00e5rds webbshop s\u00e5 accepterar du villkoren som n\u00e4mns h\u00e4runder.<\/p>\n\n\n\n<p>Avtalet uppr\u00e4ttas i samband med att best\u00e4llningen skickas. Enligt lag m\u00e5ste du vara 18 \u00e5r f\u00f6r att kunna g\u00f6ra en best\u00e4llning p\u00e5 internet. Det \u00e4r upp till best\u00e4llaren att f\u00f6lja denna lag.<\/p>\n\n\n\n<p>N\u00e4r k\u00f6pet g\u00f6rs skickas en orderbekr\u00e4ftelse ut till uppgiven mailadress.<\/p>\n\n\n\n<p>\u00c4ngdala g\u00e5rd finns i Sverige och skickar endast inom Sveriges gr\u00e4nser.<\/p>\n\n\n\n<p>Frakt kostar 75 kr inkl moms.<\/p>\n\n\n\n<p>Varaorna skickas inom 3-5 dagar. Transport sker med DHL, via f\u00f6retaget Pigga Peggy eller Sendify. Best\u00e4llning som sker under fredag eller helg skickas tidigast f\u00f6rsta helgfri vardag.<\/p>\n\n\n\n<p>Paket som ej h\u00e4mtas ut debiteras en kostnad om 300kr, som \u00e4r butikens kostnad fr\u00e5n DHL. Paketet ligger hos ombudet i 14 dagar innan det g\u00e5r i retur till oss.<\/p>\n\n\n\n<p>Var noga med att fylla i r\u00e4tt telefonnummer d\u00e5 du f\u00e5r avi via sms. Avi skickas slutligen ut i de fall d\u00e5 paketet \u00e4nd\u00e5 inte h\u00e4mtats ut.<\/p>\n\n\n\n<p><strong>Betalningsalternativ.<\/strong><\/p>\n\n\n\n<p>Du kan betala i webshopen med Klarna, swish eller direktinbetalning till \u00c4ngdala g\u00e5rds bankkonto.<\/p>\n\n\n\n<p>V\u00e4ljer du att betala med Klarna s\u00e5 beh\u00f6ver du l\u00e4sa Klarnas villkor innan best\u00e4llningen g\u00f6rs. Det finns olika betalningsalternativ via Klarnas Checkout. N\u00e4r man v\u00e4ljer att betala med Klarna uppr\u00e4ttar du ett kontrakt med Klarna. Det \u00e4r d\u00e5 till Klarna du v\u00e4nder dig med fr\u00e5gor ang\u00e5ende betalning.<\/p>\n\n\n\n<p>V\u00e4ljer du direktinbetalning eller swish s\u00e5 skickas varorna f\u00f6rst efter att betalningen inkommit p\u00e5 \u00c4ngdala g\u00e5rds konto.<\/p>\n\n\n\n<p>Vill du betala med bankgiro? Kontakta butiken via mail, info@angdalagard.se eller per telefon 0733-649464.<\/p>\n\n\n\n<p><\/p>\n\n\n\n<p>\u00c4ngdala g\u00e5rd har ett samarbete med Pigga Peggy Skor AB f\u00f6r att minska on\u00f6digt sl\u00f6seri. Varorna skickas fr\u00e5n \u00c4ngdala g\u00e5rd i befintliga skokartonger ist\u00e4llet f\u00f6r nyink\u00f6pta kartonger.<\/p>\n\n\n\n<p><strong>Returer<\/strong><\/p>\n\n\n\n<p>\u00c4ngdala g\u00e5rd har 14 dagars returr\u00e4tt. Returfrakten betalas av kunden.<\/p>\n\n\n\n<p>F\u00f6r att kunna returnera varan kr\u00e4vs att varan \u00e4r o\u00f6ppnad, med obrutet sigill och i samma kondition som n\u00e4r varan togs emot. Varan ska ocks\u00e5 ha f\u00f6rvarats enligt anvisningar som st\u00e5r p\u00e5 burken.<\/p>\n\n\n\n<p>Vid annat k\u00f6p \u00e4n honung kr\u00e4vs att varan \u00e4r oanv\u00e4nd och ligger i sin originalpaket, som ska vara o\u00f6ppnad.<\/p>\n\n\n\n<p>Efter 14 dagar utg\u00e5r ingen returr\u00e4tt.<\/p>\n\n\n\n<p>Vid annat fel eller vid reklammation av varan, kontakta butiken direkt. 0733-649464 alternativt info@angdalagard.se<\/p>\n\n\n\n<p>Skulle varan krossats eller p\u00e5 n\u00e5got annat s\u00e4tt blivit f\u00f6rst\u00f6rd i samband med frakt s\u00e5 m\u00e5ste skadorna dokumenteras. Paketet, samt varan\/varorna i paketet i samband med att leveransen \u00f6ppnas, m\u00e5ste fotograferas och vidarebefordas till \u00c4ngdala g\u00e5rd f\u00f6r att f\u00e5 pengar i retur.<\/p>\n\n\n\n<p>F\u00f6r att kunna returnera varan kr\u00e4vs kvitto eller motsvarande legitimitet f\u00f6r att varan k\u00f6pts hos \u00c4ngdala g\u00e5rd.<\/p>\n\n\n\n<p>Varor som k\u00f6pts hos \u00c4ngdala g\u00e5rd, men har annan producent, ska returneras till \u00c4ngdala g\u00e5rd, inte till producenten!<\/p>\n\n\n\n<p>Returer som inte n\u00e5r \u00c4ngdala g\u00e5rd ers\u00e4tts inte! V\u00e4lj en retur som \u00e4r sp\u00e5rbar f\u00f6r s\u00e4ker transport.<\/p>\n\n\n\n<p><\/p>\n\n\n\n<p>Vid retur \u00e4r det viktigt att varan f\u00f6rpackas s\u00e5 att inneh\u00e5llet inte frakturera under frakten. Skriv \u201cFragile\u201d p\u00e5 paketet!<\/p>\n\n\n\n<p>N\u00e4r vi tagit emot din returnerade vara kommer vi skicka ett mail f\u00f6r att meddela att returen mottagits. Vi meddelar \u00e4ven om varan \u00e4r godk\u00e4nd som retur.<\/p>\n\n\n\n<p>Vi kommer d\u00e5 att betala tillbaka retursumman automatiskt. Summan kommer \u00e5terbetalas inom n\u00e5gra dagar, p\u00e5 samma s\u00e4tt som varan \u00e4r betald.<\/p>\n\n\n\n<p><strong>Utebliven eller sen returutbetalning<\/strong><\/p>\n\n\n\n<p>Har utbetalning f\u00f6r varan uteblivit? Kontrollera f\u00f6rst ditt kontutdrag.<\/p>\n\n\n\n<p>Kontakta d\u00e4refter din kreditgivare. Det kan ta n\u00e5gra dagar innan returen blir synlig p\u00e5 ditt kontoutdrag.<\/p>\n\n\n\n<p>Kontakta d\u00e4refter din bank f\u00f6r n\u00e4rmare information.<\/p>\n\n\n\n<p>Har du g\u00e5tt tillv\u00e4ga som n\u00e4mnts ovan utan framg\u00e5ng, kontakta \u00c4ngdala g\u00e5rd via info@angdalagared.se<\/p>\n\n\n\n<h2 class=\"wp-block-heading\">Byten<\/h2>\n\n\n\n<p>Vi byter endast varor om de \u00e4r uppenbart defekta. Har man r\u00e5kat best\u00e4lla fel vara g\u00e5r det bra att kontakta oss via info@angdalagard.se, i samband med best\u00e4llningen. Dvs det g\u00e5r inte att ta emot varan f\u00f6r att sen byta den, kostnadsfritt, f\u00f6r att man r\u00e5kat best\u00e4lla fel vara.<\/p>\n\n\n\n<h2 class=\"wp-block-heading\">Skicka returer<\/h2>\n\n\n\n<p>Vid retur av vara ska varan skickas till \u00c4ngdala g\u00e5rd c\/o Bertil Andersson, S\u00e4rsl\u00f6vsv\u00e4gen 20A, 212 91 Malm\u00f6.<\/p>\n\n\n\n<p>Du ansvarar sj\u00e4lv f\u00f6r betalningen av varans retur. Returkostnaden ers\u00e4tts inte. Har du f\u00e5tt en returetikett s\u00e5 kommer returkostnaden att dras av fr\u00e5n den ekonomiska returen.<\/p>\n\n\n\n<p>Vill du vara s\u00e4ker p\u00e5 att den returnerade varan faktiskt n\u00e5r oss, anv\u00e4nd frakt med sp\u00e5rningsm\u00f6jligheter. Vi ansvarar inte f\u00f6r varor som inte n\u00e5r oss och ingen \u00e5terbetalning utg\u00e5r om varan aldrig kommer fram.<\/p>\n\n\n\n<h2 class=\"wp-block-heading\">Beh\u00f6ver du hj\u00e4lp med en retur?<\/h2>\n\n\n\n<p>Kontakta oss via mail, info@angdalagard.se eller 0733-649464.<\/p>\n\n\n\n<h2 class=\"wp-block-heading\">Vilken personlig data som vi samlar och varf\u00f6r vi samlar den<\/h2>\n\n\n\n<h3 class=\"wp-block-heading\">Kontaktformul\u00e4r<\/h3>\n\n\n\n<p>Vi lagrar dina uppgifter, som du sj\u00e4lv f\u00f6rmedlar i samband med k\u00f6p, f\u00f6r att kunna fullf\u00f6lja din order.  Personuppgifter som lagras \u00e4r F\u00f6r- och efternamn, adress, telefonnummer samt e-postadress.  Du godk\u00e4nner sj\u00e4lv om du vill ha riktad marknadsf\u00f6ring eller kundutskick i samband med din best\u00e4llning. Vi sparar ocks\u00e5 data f\u00f6r framtida k\u00f6phistorik. <\/p>\n\n\n\n<h3 class=\"wp-block-heading\">Kakor<\/h3>\n\n\n\n<p>Om du bes\u00f6ker v\u00e5r inloggningssida kommer vi att st\u00e4lla in en tillf\u00e4llig cookie f\u00f6r att avg\u00f6ra om din webbl\u00e4sare accepterar cookies. Denna cookie inneh\u00e5ller inga personuppgifter och kasseras n\u00e4r du st\u00e4nger din webbl\u00e4sare.<\/p>\n\n\n\n<p>N\u00e4r du loggar in kommer vi ocks\u00e5 att skapa flera cookies f\u00f6r att spara din inloggningsinformation och dina sk\u00e4rmvisningsval. Inloggningscookies varar i tv\u00e5 dagar och cookies f\u00f6r sk\u00e4rmalternativ varar i ett \u00e5r. Om du v\u00e4ljer &#8221;Kom ih\u00e5g mig&#8221; kommer din inloggning att forts\u00e4tta i tv\u00e5 veckor. Om du loggar ut fr\u00e5n ditt konto kommer inloggningscookies att tas bort.<\/p>\n\n\n\n<h3 class=\"wp-block-heading\">Inb\u00e4ddat inneh\u00e5ll fr\u00e5n andra webbplatser<\/h3>\n\n\n\n<p>Artiklar p\u00e5 denna webbplats kan inneh\u00e5lla inb\u00e4ddat inneh\u00e5ll (t.ex. videor, bilder, artiklar, etc.). Inb\u00e4ddat inneh\u00e5ll fr\u00e5n andra webbplatser beter sig p\u00e5 exakt samma s\u00e4tt som om bes\u00f6karen har bes\u00f6kt den andra webbplatsen.<\/p>\n\n\n\n<p>Dessa webbplatser kan samla in data om dig, anv\u00e4nda cookies, b\u00e4dda in ytterligare sp\u00e5rning fr\u00e5n tredje part och \u00f6vervaka din interaktion med det inb\u00e4ddade inneh\u00e5llet, inklusive sp\u00e5rning av din interaktion med det inb\u00e4ddade inneh\u00e5llet om du har ett konto och \u00e4r inloggad p\u00e5 den webbplatsen.<\/p>\n\n\n\n<h2 class=\"wp-block-heading\">Vem vi delar din data med<\/h2>\n\n\n\n<p>F\u00f6r att kunna skicka din order m\u00e5ste vi dela din information med fraktbolaget i fr\u00e5ga samt till f\u00f6retaget som vi anv\u00e4nder som mellanhand i samband med frakt och betalningsleverant\u00f6rer.  <\/p>\n\n\n\n<h2 class=\"wp-block-heading\">Hur l\u00e4nge vi beh\u00e5ller dina uppgifter<\/h2>\n\n\n\n<p>F\u00f6r anv\u00e4ndare som registrerar sig p\u00e5 v\u00e5r webbplats lagrar vi den personliga information de tillhandah\u00e5ller i sin anv\u00e4ndarprofil. Alla anv\u00e4ndare kan se, redigera eller radera sin personliga information n\u00e4r som helst (f\u00f6rutom att de inte kan \u00e4ndra sitt anv\u00e4ndarnamn). Webbplatsadministrat\u00f6rer kan ocks\u00e5 se och redigera den informationen.<\/p>\n\n\n\n<h2 class=\"wp-block-heading\">Vilka r\u00e4ttigheter du har \u00f6ver dina uppgifter<\/h2>\n\n\n\n<p>Om du har ett konto p\u00e5 den h\u00e4r webbplatsen, kan du beg\u00e4ra att f\u00e5 en exporterad fil med de personuppgifter vi har om dig, inklusive alla uppgifter du har l\u00e4mnat till oss. Du kan ocks\u00e5 beg\u00e4ra att vi raderar alla personuppgifter vi har om dig. Detta inkluderar inte n\u00e5gra uppgifter som vi \u00e4r skyldiga att beh\u00e5lla f\u00f6r administrativa, juridiska eller s\u00e4kerhets\u00e4ndam\u00e5l.<\/p>\n\n\n\n<h2 class=\"wp-block-heading\">V\u00e5r kontaktinformation<\/h2>\n\n\n\n<p>Birgitta Andersson, \u00c4ngdala g\u00e5rd<\/p>\n\n\n\n<p>Bes\u00f6ksadress: S\u00e4rsl\u00f6vsv\u00e4gen 20, 212 91 Malm\u00f6<\/p>\n\n\n\n<p>Postadress: Domherrev\u00e4gen 13, 234 32 Lomma<\/p>\n\n\n\n<p>Mailadress: info@angdalagard.se<\/p>\n\n\n\n<p>Tel: 0733-649464<\/p>\n","protected":false},"excerpt":{"rendered":"<p>\u00c4ngdala g\u00e5rd \u00e4r ett litet f\u00f6retag med s\u00e4te precis i utkanten av Malm\u00f6, n\u00e4rmare best\u00e4mt i S\u00f6dra Sallerup. F\u00f6retagets namn \u00e4r \u00c4ngdala G\u00e5rd. F\u00f6retaget har organisationsnummer 690524-4049. \u00c4ngdala G\u00e5rd har adressen S\u00e4rsl\u00f6vsv\u00e4gen 20, 212 91 Malm\u00f6. Mailadress \u00e4r info@angdalagard.se. Telefonnummer 0733-649464. \u00c4ngdala g\u00e5rd v\u00e4rnar om kundens personliga intergritet och samlar endast in n\u00f6dv\u00e4ndiga uppgifter f\u00f6r&hellip; <a class=\"more-link\" href=\"https:\/\/angdalagard.se\/?page_id=3\">Forts\u00e4tt l\u00e4sa <span class=\"screen-reader-text\">Integritetspolicy och villkor.<\/span><\/a><\/p>\n","protected":false},"author":1,"featured_media":0,"parent":0,"menu_order":0,"comment_status":"closed","ping_status":"open","template":"","meta":{"footnotes":""},"class_list":["post-3","page","type-page","status-publish","hentry","entry"],"jetpack-related-posts":[],"jetpack_sharing_enabled":true,"_links":{"self":[{"href":"https:\/\/angdalagard.se\/index.php?rest_route=\/wp\/v2\/pages\/3","targetHints":{"allow":["GET"]}}],"collection":[{"href":"https:\/\/angdalagard.se\/index.php?rest_route=\/wp\/v2\/pages"}],"about":[{"href":"https:\/\/angdalagard.se\/index.php?rest_route=\/wp\/v2\/types\/page"}],"author":[{"embeddable":true,"href":"https:\/\/angdalagard.se\/index.php?rest_route=\/wp\/v2\/users\/1"}],"replies":[{"embeddable":true,"href":"https:\/\/angdalagard.se\/index.php?rest_route=%2Fwp%2Fv2%2Fcomments&post=3"}],"version-history":[{"count":13,"href":"https:\/\/angdalagard.se\/index.php?rest_route=\/wp\/v2\/pages\/3\/revisions"}],"predecessor-version":[{"id":919,"href":"https:\/\/angdalagard.se\/index.php?rest_route=\/wp\/v2\/pages\/3\/revisions\/919"}],"wp:attachment":[{"href":"https:\/\/angdalagard.se\/index.php?rest_route=%2Fwp%2Fv2%2Fmedia&parent=3"}],"curies":[{"name":"wp","href":"https:\/\/api.w.org\/{rel}","templated":true}]}}